{"id":767,"date":"2025-07-14T08:43:10","date_gmt":"2025-07-14T08:43:10","guid":{"rendered":"https:\/\/wyita.com\/?post_type=product&#038;p=767"},"modified":"2026-04-16T13:52:33","modified_gmt":"2026-04-16T13:52:33","slug":"goma-com-colagenio","status":"publish","type":"product","link":"https:\/\/wyita.com\/en\/loja\/goma-com-colagenio\/","title":{"rendered":"Goma com Colag\u00e9nio"},"content":{"rendered":"<div>Cada goma fornece uma por\u00e7\u00e3o de 500 mg de col\u00e1geno, misturado com biotina e sel\u00eanio, al\u00e9m de vitaminas A, B6, B12, C e E.<\/div>\n<div><\/div>\n<div>Livre de corantes, aromatizantes, ado\u00e7antes e conservantes artificiais. Livre de OGM.<\/div>\n<div>\n<div>Este produto n\u00e3o cont\u00e9m al\u00e9rgenos incluindo:<\/div>\n<div>\u2022 Gl\u00faten (trigo, centeio, cevada, aveia, espelta, kamut ou suas cepas hibridizadas)<\/div>\n<div>\u2022 Leite e produtos derivados<\/div>\n<div>\u2022 Soja e produtos derivados<\/div>\n<div>\u2022 Levedura<\/div>\n<\/div>\n<div><\/div>\n<div><\/div>\n<div><\/div>\n<div><strong>Sugest\u00e3o de Consumo:<\/strong><br \/>\nAdultos: tomar uma (1) goma por dia. As gomas devem ser mastigadas e n\u00e3o engolidas inteiras. N\u00e3o exceder a dose indicada.<\/div>","protected":false},"excerpt":{"rendered":"<p>Um delicioso suplemento di\u00e1rio de col\u00e1geno combinado com vitaminas essenciais, biotina e sel\u00eanio para promover a sa\u00fade da pele, cabelo, unhas e cartilagem.<\/p>\n<p>Complexo de Col\u00e1geno &#8211; 60 gomas com sabor natural de laranja.<\/p>\n<p>Livre de corantes, aromatizantes, ado\u00e7antes e conservantes artificiais. Livre de OGM.<\/p>","protected":false},"featured_media":768,"comment_status":"closed","ping_status":"closed","template":"","meta":[],"product_brand":[],"product_cat":[42,53,41,50],"product_tag":[],"class_list":{"0":"post-767","1":"product","2":"type-product","3":"status-publish","4":"has-post-thumbnail","6":"product_cat-gummies-saude-e-bem-estar","7":"product_cat-proteinas","8":"product_cat-saude-e-bem-estar","9":"product_cat-vegan","11":"first","12":"instock","13":"taxable","14":"shipping-taxable","15":"purchasable","16":"product-type-variable"},"_links":{"self":[{"href":"https:\/\/wyita.com\/en\/wp-json\/wp\/v2\/product\/767","targetHints":{"allow":["GET"]}}],"collection":[{"href":"https:\/\/wyita.com\/en\/wp-json\/wp\/v2\/product"}],"about":[{"href":"https:\/\/wyita.com\/en\/wp-json\/wp\/v2\/types\/product"}],"replies":[{"embeddable":true,"href":"https:\/\/wyita.com\/en\/wp-json\/wp\/v2\/comments?post=767"}],"wp:featuredmedia":[{"embeddable":true,"href":"https:\/\/wyita.com\/en\/wp-json\/wp\/v2\/media\/768"}],"wp:attachment":[{"href":"https:\/\/wyita.com\/en\/wp-json\/wp\/v2\/media?parent=767"}],"wp:term":[{"taxonomy":"product_brand","embeddable":true,"href":"https:\/\/wyita.com\/en\/wp-json\/wp\/v2\/product_brand?post=767"},{"taxonomy":"product_cat","embeddable":true,"href":"https:\/\/wyita.com\/en\/wp-json\/wp\/v2\/product_cat?post=767"},{"taxonomy":"product_tag","embeddable":true,"href":"https:\/\/wyita.com\/en\/wp-json\/wp\/v2\/product_tag?post=767"}],"curies":[{"name":"wp","href":"https:\/\/api.w.org\/{rel}","templated":true}]}}