{"id":712,"date":"2025-07-10T21:51:39","date_gmt":"2025-07-10T21:51:39","guid":{"rendered":"https:\/\/wyita.com\/?post_type=product&#038;p=712"},"modified":"2026-04-16T16:14:27","modified_gmt":"2026-04-16T16:14:27","slug":"goma-biotina","status":"publish","type":"product","link":"https:\/\/wyita.com\/en\/loja\/goma-biotina\/","title":{"rendered":"Goma Biotina"},"content":{"rendered":"<p><strong>Caracteristicas e benef\u00edcios:<\/strong><\/p>\n<p>Uma \u00f3tima alternativa aos comprimidos convencionais em uma por\u00e7\u00e3o pr\u00e1tica e adequada para veganos.<\/p>\n<ul>\n<li>A biotina contribui para a manuten\u00e7\u00e3o de mucosas normais.<\/li>\n<li>A biotina contribui para a manuten\u00e7\u00e3o de uma pele normal.<\/li>\n<li>A biotina contribui para a manuten\u00e7\u00e3o de cabelos normais.<\/li>\n<li>A biotina contribui para o funcionamento normal do sistema nervoso.<\/li>\n<li>A biotina contribui para a fun\u00e7\u00e3o psicol\u00f3gica normal.<\/li>\n<li>A biotina contribui para o metabolismo normal dos macronutrientes.<\/li>\n<\/ul>\n<p>&nbsp;<\/p>\n<p><strong>Sugest\u00e3o de Consumo:<\/strong><br \/>\nAdultos: tomar de uma (1) a duas (2) gomas por dia. As gomas devem ser mastigadas e n\u00e3o engolidas inteiras. N\u00e3o exceda a dose indicada.<\/p>","protected":false},"excerpt":{"rendered":"<p>Um suplemento di\u00e1rio de biotina em alta dosagem, apresentado como uma deliciosa goma natural com sabor de morango, f\u00e1cil de tomar, para promover a sa\u00fade dos cabelos e da pele.<\/p>\n<p>Quant. 60 gomas<\/p>","protected":false},"featured_media":713,"comment_status":"open","ping_status":"closed","template":"","meta":[],"product_brand":[],"product_cat":[42,41,50,52,45],"product_tag":[],"class_list":{"0":"post-712","1":"product","2":"type-product","3":"status-publish","4":"has-post-thumbnail","6":"product_cat-gummies-saude-e-bem-estar","7":"product_cat-saude-e-bem-estar","8":"product_cat-vegan","9":"product_cat-vitaminas-vegan","10":"product_cat-vitaminas","12":"first","13":"instock","14":"taxable","15":"shipping-taxable","16":"purchasable","17":"product-type-variable"},"_links":{"self":[{"href":"https:\/\/wyita.com\/en\/wp-json\/wp\/v2\/product\/712","targetHints":{"allow":["GET"]}}],"collection":[{"href":"https:\/\/wyita.com\/en\/wp-json\/wp\/v2\/product"}],"about":[{"href":"https:\/\/wyita.com\/en\/wp-json\/wp\/v2\/types\/product"}],"replies":[{"embeddable":true,"href":"https:\/\/wyita.com\/en\/wp-json\/wp\/v2\/comments?post=712"}],"wp:featuredmedia":[{"embeddable":true,"href":"https:\/\/wyita.com\/en\/wp-json\/wp\/v2\/media\/713"}],"wp:attachment":[{"href":"https:\/\/wyita.com\/en\/wp-json\/wp\/v2\/media?parent=712"}],"wp:term":[{"taxonomy":"product_brand","embeddable":true,"href":"https:\/\/wyita.com\/en\/wp-json\/wp\/v2\/product_brand?post=712"},{"taxonomy":"product_cat","embeddable":true,"href":"https:\/\/wyita.com\/en\/wp-json\/wp\/v2\/product_cat?post=712"},{"taxonomy":"product_tag","embeddable":true,"href":"https:\/\/wyita.com\/en\/wp-json\/wp\/v2\/product_tag?post=712"}],"curies":[{"name":"wp","href":"https:\/\/api.w.org\/{rel}","templated":true}]}}