{"id":372,"date":"2025-06-09T07:59:23","date_gmt":"2025-06-09T07:59:23","guid":{"rendered":"http:\/\/wyita.com\/?post_type=product&#038;p=372"},"modified":"2026-04-17T20:06:54","modified_gmt":"2026-04-17T20:06:54","slug":"cabelo-pele-unhas","status":"publish","type":"product","link":"https:\/\/wyita.com\/en\/loja\/cabelo-pele-unhas\/","title":{"rendered":"Goma para Cabelo, Pele e Unhas"},"content":{"rendered":"<p><strong>Caracteristicas e benef\u00edcios:<\/strong><\/p>\n<ul>\n<li>Biotina de Alta Pot\u00eancia:<br \/>\nCada por\u00e7\u00e3o fornece not\u00e1veis \u200b\u200b 5000 \u03bcg de Biotina. Esta f\u00f3rmula de alta pot\u00eancia preenche as lacunas nutricionais que afetam a apar\u00eancia f\u00edsica, promovendo cabelos mais fortes, pele resiliente e unhas robustas.<\/li>\n<li>Complexo vitam\u00ednico completo:<br \/>\nAl\u00e9m da biotina, nossas gomas incluem uma variedade de vitaminas essenciais, incluindo A, B5, B6, B12, C, D e E, cada uma com fun\u00e7\u00f5es espec\u00edficas na sa\u00fade da pele, no crescimento celular e na fun\u00e7\u00e3o imunol\u00f3gica.<\/li>\n<li>Suporte Mineral:<br \/>\nIncluindo minerais essenciais como Zinco e Iodo, nossa f\u00f3rmula auxilia na s\u00edntese de prote\u00ednas e na fun\u00e7\u00e3o tireoidiana, fatores cruciais para a manuten\u00e7\u00e3o da sa\u00fade dos cabelos e da pele.<\/li>\n<li>Sinergia Nutricional Avan\u00e7ada:<br \/>\nA presen\u00e7a de \u00c1cido F\u00f3lico, Colina e Inositol reflete uma compreens\u00e3o sofisticada da sinergia de nutrientes que tornam nossa goma ainda mais completa.<\/li>\n<li>Delicioso e pr\u00e1tico:<br \/>\nNossas gomas sem gelatina atraem um p\u00fablico preocupado com a sa\u00fade, oferecendo uma alternativa prazerosa e pr\u00e1tica \u00e0s c\u00e1psulas ou comprimidos tradicionais. O sabor e a textura convidativos incentivam a ades\u00e3o di\u00e1ria consistente, crucial para alcan\u00e7ar os melhores resultados.<\/li>\n<\/ul>\n<p>&nbsp;<\/p>\n<p><strong>Sugest\u00e3o de Consumo:<\/strong><br \/>\nAdultos: tomar duas (2) gomas por dia. As gomas devem ser mastigadas e n\u00e3o engolidas inteiras. N\u00e3o exceder a dose indicada.<\/p>","protected":false},"excerpt":{"rendered":"<p>As Gomas Wyita para cabelo, pele e unhas cont\u00eam uma mistura especial de vitaminas e minerais que real\u00e7am a beleza em um formato de goma deliciosamente pr\u00e1tico.<\/p>\n<p>Nosso Complexo de Biotina para Cabelo, Pele e Unhas foi desenvolvido para atender \u00e0s necessidades modernas de bem-estar, oferecendo uma solu\u00e7\u00e3o completa para quem busca nutrir sua beleza de dentro para fora. Cada deliciosa goma \u00e9 repleta de nutrientes vitais contribuindo assim para um beneficio completo.<\/p>\n<p>Quant. 1 Frasco : 60 gomas<\/p>","protected":false},"featured_media":676,"comment_status":"open","ping_status":"closed","template":"","meta":[],"product_brand":[],"product_cat":[42,51,43,41,50,45,52],"product_tag":[],"class_list":{"0":"post-372","1":"product","2":"type-product","3":"status-publish","4":"has-post-thumbnail","6":"product_cat-gummies-saude-e-bem-estar","7":"product_cat-multivitaminas","8":"product_cat-multivitaminicos","9":"product_cat-saude-e-bem-estar","10":"product_cat-vegan","11":"product_cat-vitaminas","12":"product_cat-vitaminas-vegan","14":"first","15":"outofstock","16":"taxable","17":"shipping-taxable","18":"purchasable","19":"product-type-variable"},"_links":{"self":[{"href":"https:\/\/wyita.com\/en\/wp-json\/wp\/v2\/product\/372","targetHints":{"allow":["GET"]}}],"collection":[{"href":"https:\/\/wyita.com\/en\/wp-json\/wp\/v2\/product"}],"about":[{"href":"https:\/\/wyita.com\/en\/wp-json\/wp\/v2\/types\/product"}],"replies":[{"embeddable":true,"href":"https:\/\/wyita.com\/en\/wp-json\/wp\/v2\/comments?post=372"}],"wp:featuredmedia":[{"embeddable":true,"href":"https:\/\/wyita.com\/en\/wp-json\/wp\/v2\/media\/676"}],"wp:attachment":[{"href":"https:\/\/wyita.com\/en\/wp-json\/wp\/v2\/media?parent=372"}],"wp:term":[{"taxonomy":"product_brand","embeddable":true,"href":"https:\/\/wyita.com\/en\/wp-json\/wp\/v2\/product_brand?post=372"},{"taxonomy":"product_cat","embeddable":true,"href":"https:\/\/wyita.com\/en\/wp-json\/wp\/v2\/product_cat?post=372"},{"taxonomy":"product_tag","embeddable":true,"href":"https:\/\/wyita.com\/en\/wp-json\/wp\/v2\/product_tag?post=372"}],"curies":[{"name":"wp","href":"https:\/\/api.w.org\/{rel}","templated":true}]}}